{"id":67,"date":"2015-02-03T15:32:38","date_gmt":"2015-02-03T13:32:38","guid":{"rendered":"http:\/\/www.campingpiestany.sk\/?page_id=67"},"modified":"2023-04-25T17:37:29","modified_gmt":"2023-04-25T15:37:29","slug":"priestory","status":"publish","type":"page","link":"https:\/\/www.campingpiestany.sk\/?page_id=67","title":{"rendered":"CAMPING"},"content":{"rendered":"\t\t<div data-elementor-type=\"wp-page\" data-elementor-id=\"67\" class=\"elementor elementor-67\">\n\t\t\t\t\t\t\t\t\t<section class=\"elementor-section elementor-top-section elementor-element elementor-element-15a07cbe elementor-section-boxed elementor-section-height-default elementor-section-height-default\" data-id=\"15a07cbe\" data-element_type=\"section\">\n\t\t\t\t\t\t<div class=\"elementor-container elementor-column-gap-default\">\n\t\t\t\t\t<div class=\"elementor-column elementor-col-100 elementor-top-column elementor-element elementor-element-fac1632\" data-id=\"fac1632\" data-element_type=\"column\">\n\t\t\t<div class=\"elementor-widget-wrap elementor-element-populated\">\n\t\t\t\t\t\t\t\t<div class=\"elementor-element elementor-element-2059048 elementor-widget elementor-widget-heading\" data-id=\"2059048\" data-element_type=\"widget\" data-widget_type=\"heading.default\">\n\t\t\t\t<div class=\"elementor-widget-container\">\n\t\t\t<h1 class=\"elementor-heading-title elementor-size-large\">O NA\u0160OM KEMPE<\/h1>\t\t<\/div>\n\t\t\t\t<\/div>\n\t\t\t\t\t<\/div>\n\t\t<\/div>\n\t\t\t\t\t\t\t<\/div>\n\t\t<\/section>\n\t\t\t\t<section class=\"elementor-section elementor-top-section elementor-element elementor-element-807cf02 elementor-section-boxed elementor-section-height-default elementor-section-height-default\" data-id=\"807cf02\" data-element_type=\"section\">\n\t\t\t\t\t\t<div class=\"elementor-container elementor-column-gap-no\">\n\t\t\t\t\t<div class=\"elementor-column elementor-col-100 elementor-top-column elementor-element elementor-element-edd59a7\" data-id=\"edd59a7\" data-element_type=\"column\">\n\t\t\t<div class=\"elementor-widget-wrap elementor-element-populated\">\n\t\t\t\t\t\t\t\t<section class=\"elementor-section elementor-inner-section elementor-element elementor-element-d6424b7 elementor-section-boxed elementor-section-height-default elementor-section-height-default\" data-id=\"d6424b7\" data-element_type=\"section\">\n\t\t\t\t\t\t<div class=\"elementor-container elementor-column-gap-default\">\n\t\t\t\t\t<div class=\"elementor-column elementor-col-50 elementor-inner-column elementor-element elementor-element-6b993ca\" data-id=\"6b993ca\" data-element_type=\"column\">\n\t\t\t<div class=\"elementor-widget-wrap elementor-element-populated\">\n\t\t\t\t\t\t\t\t<div class=\"elementor-element elementor-element-bbcf6bd elementor-widget elementor-widget-text-editor\" data-id=\"bbcf6bd\" data-element_type=\"widget\" data-widget_type=\"text-editor.default\">\n\t\t\t\t<div class=\"elementor-widget-container\">\n\t\t\t\t\t\t\t<p class=\"p1\">Camping Pullmann je stredne ve\u013ek\u00fd kemp, ktor\u00fd sa nach\u00e1dza v tesnej bl\u00edzkosti mesta Pie\u0161\u0165any, v zelenom pr\u00edmestskom prostred\u00ed na z\u00e1padnom Slovensku iba 1,5km od centra mesta. Svojou polohou zaujme \u0161irok\u00e9 spektrum n\u00e1v\u0161tevn\u00edkov: nach\u00e1dza sa medzi riekou V\u00e1h a lesoparkom \u010cerven\u00e1 ve\u017ea, priamo na vyh\u013ead\u00e1vanej cyklotrase, po ktorej sa pohodlne dostanete do mesta alebo K\u00fape\u013eov Pie\u0161\u0165any. Vzdialenos\u0165 od dia\u013enice je iba 5,5km, po ceste k n\u00e1m iba 1x odbo\u010d\u00edte (za mostom doprava). Kemp je od cesty je oddelen\u00fd vysok\u00fdm pln\u00fdm plotom, od rieky V\u00e1h je \u010diasto\u010dne oddelen\u00fd vysokou budovou. Od hlavn\u00e9ho mesta Bratislava sa nach\u00e1dzame 88km po dia\u013enici.<\/p><p class=\"p1\">V kempe n\u00e1jdete dostatok miesta pre svoje karavany, obytn\u00e9 aut\u00e1 aj stany. Na sez\u00f3nu 2022 sme si pre V\u00e1s pripravili samostatn\u00e9 parcely 3 kateg\u00f3ri\u00ed: parcely M s elektrikou (cca 80m2), parcely L s pr\u00edpojkou na pitn\u00fa vodu, elektriku a odpadom na \u0161ed\u00fa vodu (7,5x 12m) a parcely XL s pr\u00edpojkou na pitn\u00fa vodu, elektriku a odpadom na \u0161ed\u00fa vodu (10x12m).\u00a0 K dispoz\u00edcii s\u00fa tie\u017e miesta ur\u010den\u00e9 na vo\u013en\u00e9 st\u00e1tie.<\/p><p class=\"p1\">Pie\u0161\u0165any sa radia k mest\u00e1m, ktor\u00e9 maj\u00fa najviac slne\u010dn\u00fdch dn\u00ed v roku, napriek tomu je povrch kempu v\u00fdborne odvodnen\u00fd a rovinat\u00fd. Ubytovanie poskytujeme na 9 izb\u00e1ch v ubytovni.<\/p><p class=\"p1\">Camping Pullmann je rodinnou firmou, ktor\u00fa prev\u00e1dzkujeme u\u017e druh\u00e1 gener\u00e1cia. Za\u010dali sme v\u00a0roku 1990 v\u00a0\u00faplne in\u00fdch podmienkach, kemp bol zaplnen\u00fd podnikov\u00fdmi chatami a\u00a0stanmi, do ktor\u00fdch sa chodili rekreova\u0165 zamestnanci r\u00f4znych firiem zo v\u0161etk\u00fdch k\u00fatov \u010ceskoslovenska. Po\u010das rokov pre\u0161iel kemp premenou, ka\u017ed\u00fa zimu vyu\u017e\u00edvame na zve\u013ea\u010fovanie a\u00a0modernizovanie are\u00e1lu, prisp\u00f4sobujeme sa s\u00fa\u010dasn\u00fdm trendom. Jedna z\u00a0najv\u00e4\u010d\u0161\u00edch invest\u00edci\u00ed a\u00a0zmien v\u00a0kempe prebehla v\u00a0roku 2019, kedy sme zb\u00farali bufet a\u00a0na jeho mieste postavili modern\u00fa dreven\u00fa re\u0161taur\u00e1ciu, ktor\u00fa vyu\u017e\u00edvaj\u00fa ako hostia kempu tak aj \u013eudia zo \u0161ir\u0161ieho okolia. Na sez\u00f3nu 2021 sme vybudovali petangov\u00e9 ihrisko, workoutov\u00e9 ihrisko so 4 metrov\u00fdm lanom na \u0161plhanie, ping-pongov\u00fd st\u00f4l, vonkaj\u0161iu kuchynku na um\u00fdvanie riadu s\u00a02 um\u00fdvadlami, zrekon\u0161truovali sme terasu v \u201eStarom bufete\u201c a\u00a0pripravujeme mal\u00fd obchod\u00edk. Na\u0161im cie\u013eom je poskytova\u0165 kvalitn\u00e9 slu\u017eby v\u00a0pr\u00edjemnom prostred\u00ed, tak, aby sa tu ka\u017ed\u00fd n\u00e1\u0161 hos\u0165 mohol c\u00edti\u0165 pr\u00edjemne a\u00a0r\u00e1d sa k\u00a0n\u00e1m op\u00e4tovne vracal. Medzi na\u0161ich klientov patria mlad\u00e9 rodinky, dlhoro\u010dn\u00ed karavanisti du\u0161ou aj srdcom, cestovatelia, milovn\u00edci oddychu, klubov\u00ed karavanisti ale aj \u0161portovci a\u00a0to najm\u00e4 cyklisti, vodn\u00ed ly\u017eiari \u010di\u00a0be\u017eci. Je pre n\u00e1s nesmierne d\u00f4le\u017eit\u00fd osobn\u00fd pr\u00edstup a\u00a0celkov\u00e1 pohoda v\u00a0kempe, preto sa u\u00a0n\u00e1s spr\u00e1vame oh\u013eaduplne a\u00a0dodr\u017eujeme no\u010dn\u00fd k\u013eud 23:00h.-07:00h.<\/p>\t\t\t\t\t\t<\/div>\n\t\t\t\t<\/div>\n\t\t\t\t\t<\/div>\n\t\t<\/div>\n\t\t\t\t<div class=\"elementor-column elementor-col-50 elementor-inner-column elementor-element elementor-element-3b0ce10\" data-id=\"3b0ce10\" data-element_type=\"column\">\n\t\t\t<div class=\"elementor-widget-wrap elementor-element-populated\">\n\t\t\t\t\t\t\t\t<div class=\"elementor-element elementor-element-ff3d14f elementor-widget elementor-widget-text-editor\" data-id=\"ff3d14f\" data-element_type=\"widget\" data-widget_type=\"text-editor.default\">\n\t\t\t\t<div class=\"elementor-widget-container\">\n\t\t\t\t\t\t\t<p class=\"p1\">V na\u0161om kempe n\u00e1jdete: recepciu, modern\u00fa re\u0161taur\u00e1ciu, toalety, sprchy s\u00a0teplou vodou, priestor na nabratie pitnej vody a\u00a0vypustenie \u0161edej vody a\u00a0chemick\u00e9ho WC, kuchy\u0148u s\u00a0vybaven\u00edm (chladni\u010dka, z\u00e1kladn\u00fd riad, mikrovlnka, induk\u010dn\u00e1 dvojplatni\u010dka, r\u00fdchlovarn\u00e1 kanvica), vonkaj\u0161iu kuchy\u0148u na um\u00fdvanie riadu s\u00a02 um\u00fdvadlami, elektrick\u00e9 boxy s\u00a0pr\u00edpojkami, miniobchod\u00edk so z\u00e1kladn\u00fdmi surovinami zameran\u00fdmi najm\u00e4 na ra\u0148ajky,\u00a0\u010derstv\u00e9 pe\u010divo a\u00a0na\u0161e dom\u00e1ce vaj\u00ed\u010dka (pod\u013ea sez\u00f3ny), bezplatn\u00e9 Wifi, 11m baz\u00e9n, workoutov\u00e9 ihrisko, ohnisko, petangov\u00e9 ihrisko,\u00a0pingpongov\u00fd st\u00f4l a\u00a0detsk\u00e9 ihrisko, ktor\u00e9ho s\u00fa\u010das\u0165ou s\u00fa 2 trampol\u00edny, dom\u010dek so \u0161myk\u013eavkou, h\u00fapa\u010dky a pieskovisko. Na recepcii je mo\u017enos\u0165 zapo\u017ei\u010dania bicyklov, \u0161portov\u00fdch potrieb, nordic walking pal\u00edc, badmintonov\u00e9ho setu at\u010f. V\u00e1\u0161 pobyt V\u00e1m spr\u00edjemnia na\u0161e papag\u00e1je, andulky a\u00a0sliepky. Cel\u00fd kemp je oploten\u00fd, v\u00a0noci uzamknut\u00fd.<\/p><p class=\"p1\">Ob\u013e\u00faben\u00fdm cie\u013eom na\u0161ich host\u00ed je rekrea\u010dn\u00e1 ale aj \u0161portovej\u0161ia cyklistika, ve\u013emi ob\u013e\u00fabenou trasou je nen\u00e1ro\u010dn\u00e1, 12km dlh\u00e1, pr\u00edjemn\u00e1 cyklotrasa okolo jazera S\u013a\u0148ava s\u00a0mo\u017en\u00fdmi zast\u00e1vkami na ob\u010derstvenie, na ktorej sa nach\u00e1dzame, turistika, vych\u00e1dzky, n\u00e1v\u0161teva mesta Pie\u0161\u0165any (iba 1km od kempu), prech\u00e1dzka a\u00a0proced\u00fary v\u00a0K\u00fape\u013eoch Pie\u0161\u0165any, ktor\u00e9 s\u00fa zameran\u00e9 na pohybov\u00e9 \u00fastrojenstvo, po\u010detn\u00e9 kult\u00farne podujatia v\u00a0Pie\u0161\u0165anoch, 3 kontaktn\u00e9 Zoo a mno\u017estvo hradov, zr\u00facan\u00edn a\u00a0pamiatok v okol\u00ed, mestsk\u00fd park v\u00a0Pie\u0161\u0165anoch, k\u00fapalisko Eva (kult\u00farna pamiatka), rybolov, vodn\u00e9 ly\u017eovanie 1 km od kempu, plavba lo\u010fou po V\u00e1hu, splav, Jasky\u0148a \u010certova pec, golfov\u00e9 ihrisko, Park miniat\u00far v\u00a0Podol\u00ed, Balneologick\u00e9 m\u00fazeum, Vojensk\u00e9 m\u00fazeum, Classic car m\u00fazeum, hradisko Valy Bojn\u00e1, z\u00e1mok v\u00a0Hlohovci, bike park v\u00a0K\u00e1lnici, Kostolec nad obcou Ducov\u00e9, v\u00fdh\u013ead\u0148a na Marh\u00e1te, V\u00fdtoky a\u00a0Jelenie Jamy, Pie\u0161\u0165ansk\u00fd Pivovar&#8230;<\/p>\t\t\t\t\t\t<\/div>\n\t\t\t\t<\/div>\n\t\t\t\t\t<\/div>\n\t\t<\/div>\n\t\t\t\t\t\t\t<\/div>\n\t\t<\/section>\n\t\t\t\t\t<\/div>\n\t\t<\/div>\n\t\t\t\t\t\t\t<\/div>\n\t\t<\/section>\n\t\t\t\t\t\t\t<\/div>\n\t\t","protected":false},"excerpt":{"rendered":"<p>O NA\u0160OM KEMPE Camping Pullmann je stredne ve\u013ek\u00fd kemp, ktor\u00fd sa nach\u00e1dza v tesnej bl\u00edzkosti mesta Pie\u0161\u0165any, v zelenom pr\u00edmestskom prostred\u00ed na z\u00e1padnom Slovensku iba 1,5km od centra mesta. Svojou polohou zaujme \u0161irok\u00e9 spektrum n\u00e1v\u0161tevn\u00edkov: nach\u00e1dza sa medzi riekou V\u00e1h a lesoparkom \u010cerven\u00e1 ve\u017ea, priamo na vyh\u013ead\u00e1vanej cyklotrase, po ktorej sa pohodlne dostanete do mesta [&hellip;]<\/p>\n","protected":false},"author":1,"featured_media":0,"parent":0,"menu_order":0,"comment_status":"closed","ping_status":"closed","template":"","meta":{"footnotes":""},"class_list":["post-67","page","type-page","status-publish","hentry"],"_links":{"self":[{"href":"https:\/\/www.campingpiestany.sk\/index.php?rest_route=\/wp\/v2\/pages\/67","targetHints":{"allow":["GET"]}}],"collection":[{"href":"https:\/\/www.campingpiestany.sk\/index.php?rest_route=\/wp\/v2\/pages"}],"about":[{"href":"https:\/\/www.campingpiestany.sk\/index.php?rest_route=\/wp\/v2\/types\/page"}],"author":[{"embeddable":true,"href":"https:\/\/www.campingpiestany.sk\/index.php?rest_route=\/wp\/v2\/users\/1"}],"replies":[{"embeddable":true,"href":"https:\/\/www.campingpiestany.sk\/index.php?rest_route=%2Fwp%2Fv2%2Fcomments&post=67"}],"version-history":[{"count":55,"href":"https:\/\/www.campingpiestany.sk\/index.php?rest_route=\/wp\/v2\/pages\/67\/revisions"}],"predecessor-version":[{"id":1444,"href":"https:\/\/www.campingpiestany.sk\/index.php?rest_route=\/wp\/v2\/pages\/67\/revisions\/1444"}],"wp:attachment":[{"href":"https:\/\/www.campingpiestany.sk\/index.php?rest_route=%2Fwp%2Fv2%2Fmedia&parent=67"}],"curies":[{"name":"wp","href":"https:\/\/api.w.org\/{rel}","templated":true}]}}